{"id":4543,"date":"2026-03-15T21:11:36","date_gmt":"2026-03-15T20:11:36","guid":{"rendered":"https:\/\/bde.fblasalle.fr\/?post_type=product&#038;p=4543"},"modified":"2026-03-22T12:51:07","modified_gmt":"2026-03-22T11:51:07","slug":"sweat-enfant-a-capuche-2025-2026","status":"publish","type":"product","link":"https:\/\/bde.fblasalle.fr\/?product=sweat-enfant-a-capuche-2025-2026","title":{"rendered":"Sweat ENFANT \u00e0 capuche 2025-2026"},"content":{"rendered":"<div dir=\"ltr\">\n<p class=\"p1\"><strong>Sweat-shirt<\/strong> des FRANCS-BOURGEOIS, ENFANT unisexe \u00e0 capuche. 80% coton issu de l&rsquo;agriculture biologique &#8211; 20% polyester recycl\u00e9<\/p>\n<p class=\"p2\">Int\u00e9rieur gratt\u00e9. 3 fils. Ext\u00e9rieur 100% coton issu de l&rsquo;agriculture biologique<\/p>\n<p class=\"p2\">Coup\u00e9 cousu. Manches raglan. Poignets et bas en bord c\u00f4te 2&#215;2. Demi-lune \u00e0 l&rsquo;int\u00e9rieur du col<\/p>\n<p class=\"p2\">Bande de propret\u00e9 int\u00e9rieur col. Capuche doubl\u00e9e en jersey<\/p>\n<p class=\"p2\">Poids\u00a0: 372g<\/p>\n<p class=\"p2\">Taille : 4 ans | 6 ans | 8 ans<span class=\"Apple-converted-space\">\u00a0 <\/span>| 10 ans<span class=\"Apple-converted-space\">\u00a0 <\/span>| 12 ans<\/p>\n<p class=\"p2\">Coloris : Blanc | Noir | Marine fran\u00e7aise | Gris chin\u00e9 | Rose p\u00e2le<\/p>\n<\/div>\n","protected":false},"excerpt":{"rendered":"<p>Sweat-shirt des FRANCS-BOURGEOIS, ENFANT unisexe \u00e0 capuche. 80% coton issu de l&rsquo;agriculture biologique &#8211; 20% polyester recycl\u00e9 Int\u00e9rieur gratt\u00e9. 3 fils. Ext\u00e9rieur 100% coton issu&hellip;<\/p>\n","protected":false},"featured_media":4610,"template":"","meta":[],"product_brand":[],"product_cat":[211,212],"product_tag":[],"class_list":{"0":"post-4543","1":"product","2":"type-product","3":"status-publish","4":"has-post-thumbnail","6":"product_cat-sweats","7":"product_cat-sweats-enfants","9":"first","10":"instock","11":"shipping-taxable","12":"purchasable","13":"product-type-variable"},"_links":{"self":[{"href":"https:\/\/bde.fblasalle.fr\/index.php?rest_route=\/wp\/v2\/product\/4543","targetHints":{"allow":["GET"]}}],"collection":[{"href":"https:\/\/bde.fblasalle.fr\/index.php?rest_route=\/wp\/v2\/product"}],"about":[{"href":"https:\/\/bde.fblasalle.fr\/index.php?rest_route=\/wp\/v2\/types\/product"}],"version-history":[{"count":2,"href":"https:\/\/bde.fblasalle.fr\/index.php?rest_route=\/wp\/v2\/product\/4543\/revisions"}],"predecessor-version":[{"id":4615,"href":"https:\/\/bde.fblasalle.fr\/index.php?rest_route=\/wp\/v2\/product\/4543\/revisions\/4615"}],"wp:featuredmedia":[{"embeddable":true,"href":"https:\/\/bde.fblasalle.fr\/index.php?rest_route=\/wp\/v2\/media\/4610"}],"wp:attachment":[{"href":"https:\/\/bde.fblasalle.fr\/index.php?rest_route=%2Fwp%2Fv2%2Fmedia&parent=4543"}],"wp:term":[{"taxonomy":"product_brand","embeddable":true,"href":"https:\/\/bde.fblasalle.fr\/index.php?rest_route=%2Fwp%2Fv2%2Fproduct_brand&post=4543"},{"taxonomy":"product_cat","embeddable":true,"href":"https:\/\/bde.fblasalle.fr\/index.php?rest_route=%2Fwp%2Fv2%2Fproduct_cat&post=4543"},{"taxonomy":"product_tag","embeddable":true,"href":"https:\/\/bde.fblasalle.fr\/index.php?rest_route=%2Fwp%2Fv2%2Fproduct_tag&post=4543"}],"curies":[{"name":"wp","href":"https:\/\/api.w.org\/{rel}","templated":true}]}}