{"id":4361,"date":"2026-03-14T18:56:15","date_gmt":"2026-03-14T17:56:15","guid":{"rendered":"https:\/\/bde.fblasalle.fr\/?post_type=product&#038;p=4361"},"modified":"2026-03-22T12:47:25","modified_gmt":"2026-03-22T11:47:25","slug":"sweat-a-capuche","status":"publish","type":"product","link":"https:\/\/bde.fblasalle.fr\/?product=sweat-a-capuche","title":{"rendered":"Sweat STELLAR \u00e0 capuche 2025-2026"},"content":{"rendered":"<div dir=\"ltr\">\n<p class=\"p1\"><strong>Sweat-shirt<\/strong> des FRANCS-BOURGEOIS, unisexe \u00e0 capuche. 80% coton issu de l&rsquo;agriculture biologique &#8211; 20% polyester recycl\u00e9<\/p>\n<p class=\"p1\">3 fils. Int\u00e9rieur gratt\u00e9. Ext\u00e9rieur 100% coton issu de l&rsquo;agriculture biologique. Coup\u00e9 cousu. Manches raglan<\/p>\n<p class=\"p1\">Poignets et bas en bord c\u00f4te 2&#215;2. Demi-lune \u00e0 l&rsquo;int\u00e9rieur du col.\u00a0Bande de propret\u00e9 int\u00e9rieur col. Cordon de resserrage avec oeillets et embouts en m\u00e9tal. Capuche doubl\u00e9e en jersey<\/p>\n<p class=\"p1\">Poids : 472g.<\/p>\n<p>Disponible en:\u00a0 XS |\u00a0 S\u00a0 | \u00a0M\u00a0 | \u00a0L\u00a0 | \u00a0XL\u00a0 | \u00a02XL<\/p>\n<p>Coloris au choix : Noir | Blanc | Marine fran\u00e7aise | Bordeaux\u00a0 | Vert bouteille | Anthracite chin\u00e9<\/p>\n<\/div>\n","protected":false},"excerpt":{"rendered":"<p>Sweat-shirt des FRANCS-BOURGEOIS, unisexe \u00e0 capuche. 80% coton issu de l&rsquo;agriculture biologique &#8211; 20% polyester recycl\u00e9 3 fils. Int\u00e9rieur gratt\u00e9. Ext\u00e9rieur 100% coton issu de&hellip;<\/p>\n","protected":false},"featured_media":4636,"template":"","meta":[],"product_brand":[],"product_cat":[211],"product_tag":[],"class_list":{"0":"post-4361","1":"product","2":"type-product","3":"status-publish","4":"has-post-thumbnail","6":"product_cat-sweats","8":"first","9":"instock","10":"shipping-taxable","11":"purchasable","12":"product-type-variable"},"_links":{"self":[{"href":"https:\/\/bde.fblasalle.fr\/index.php?rest_route=\/wp\/v2\/product\/4361","targetHints":{"allow":["GET"]}}],"collection":[{"href":"https:\/\/bde.fblasalle.fr\/index.php?rest_route=\/wp\/v2\/product"}],"about":[{"href":"https:\/\/bde.fblasalle.fr\/index.php?rest_route=\/wp\/v2\/types\/product"}],"version-history":[{"count":5,"href":"https:\/\/bde.fblasalle.fr\/index.php?rest_route=\/wp\/v2\/product\/4361\/revisions"}],"predecessor-version":[{"id":4628,"href":"https:\/\/bde.fblasalle.fr\/index.php?rest_route=\/wp\/v2\/product\/4361\/revisions\/4628"}],"wp:featuredmedia":[{"embeddable":true,"href":"https:\/\/bde.fblasalle.fr\/index.php?rest_route=\/wp\/v2\/media\/4636"}],"wp:attachment":[{"href":"https:\/\/bde.fblasalle.fr\/index.php?rest_route=%2Fwp%2Fv2%2Fmedia&parent=4361"}],"wp:term":[{"taxonomy":"product_brand","embeddable":true,"href":"https:\/\/bde.fblasalle.fr\/index.php?rest_route=%2Fwp%2Fv2%2Fproduct_brand&post=4361"},{"taxonomy":"product_cat","embeddable":true,"href":"https:\/\/bde.fblasalle.fr\/index.php?rest_route=%2Fwp%2Fv2%2Fproduct_cat&post=4361"},{"taxonomy":"product_tag","embeddable":true,"href":"https:\/\/bde.fblasalle.fr\/index.php?rest_route=%2Fwp%2Fv2%2Fproduct_tag&post=4361"}],"curies":[{"name":"wp","href":"https:\/\/api.w.org\/{rel}","templated":true}]}}